{"id":659,"date":"2022-05-12T08:34:11","date_gmt":"2022-05-12T06:34:11","guid":{"rendered":"https:\/\/gepardsecurity.com.pl\/?page_id=659"},"modified":"2022-05-12T09:08:20","modified_gmt":"2022-05-12T07:08:20","slug":"audyt-bezpieczenstwa","status":"publish","type":"page","link":"https:\/\/gepardsecurity.com.pl\/index.php\/audyt-bezpieczenstwa\/","title":{"rendered":"AUDYT BEZPIECZE\u0143STWA"},"content":{"rendered":"\t\t<div data-elementor-type=\"wp-page\" data-elementor-id=\"659\" class=\"elementor elementor-659\">\n\t\t\t\t\t\t\t\t\t<section class=\"elementor-section elementor-top-section elementor-element elementor-element-9b262e elementor-section-boxed elementor-section-height-default elementor-section-height-default wpr-particle-no wpr-jarallax-no wpr-parallax-no wpr-sticky-section-no\" data-id=\"9b262e\" data-element_type=\"section\" data-settings=\"{&quot;background_background&quot;:&quot;classic&quot;}\">\n\t\t\t\t\t\t<div class=\"elementor-container elementor-column-gap-default\">\n\t\t\t\t\t<div class=\"elementor-column elementor-col-100 elementor-top-column elementor-element elementor-element-46264ad7\" data-id=\"46264ad7\" data-element_type=\"column\">\n\t\t\t<div class=\"elementor-widget-wrap elementor-element-populated\">\n\t\t\t\t\t\t\t\t<div class=\"elementor-element elementor-element-7c549563 elementor-widget elementor-widget-elementskit-heading\" data-id=\"7c549563\" data-element_type=\"widget\" data-widget_type=\"elementskit-heading.default\">\n\t\t\t\t<div class=\"elementor-widget-container\">\n\t\t\t<div class=\"ekit-wid-con\" ><div class=\"ekit-heading elementskit-section-title-wraper text_left   ekit_heading_tablet-   ekit_heading_mobile-\"><span class=\"elementskit-section-subtitle  elementskit-style-border\">Agencja Ochrony Gepard Security Sp. z o.o. oferuje <\/span><h2 class=\"ekit-heading--title elementskit-section-title \">\n\t\t\t\t\t\tNasz AUDYT BEZPIECZE\u0143STWA OBIEKTU\n\t\t\t\t<\/h2><\/div><\/div>\t\t<\/div>\n\t\t\t\t<\/div>\n\t\t\t\t<div class=\"elementor-element elementor-element-469d4e71 elementor-widget elementor-widget-text-editor\" data-id=\"469d4e71\" data-element_type=\"widget\" data-widget_type=\"text-editor.default\">\n\t\t\t\t<div class=\"elementor-widget-container\">\n\t\t\t<style>\/*! elementor - v3.6.4 - 13-04-2022 *\/\n.elementor-widget-text-editor.elementor-drop-cap-view-stacked .elementor-drop-cap{background-color:#818a91;color:#fff}.elementor-widget-text-editor.elementor-drop-cap-view-framed .elementor-drop-cap{color:#818a91;border:3px solid;background-color:transparent}.elementor-widget-text-editor:not(.elementor-drop-cap-view-default) .elementor-drop-cap{margin-top:8px}.elementor-widget-text-editor:not(.elementor-drop-cap-view-default) .elementor-drop-cap-letter{width:1em;height:1em}.elementor-widget-text-editor .elementor-drop-cap{float:left;text-align:center;line-height:1;font-size:50px}.elementor-widget-text-editor .elementor-drop-cap-letter{display:inline-block}<\/style>\t\t\t\t<p>\u00a0<\/p><p>\u00a0<\/p>\t\t\t\t\t\t<\/div>\n\t\t\t\t<\/div>\n\t\t\t\t<div class=\"elementor-element elementor-element-345a47ff elementor-widget elementor-widget-text-editor\" data-id=\"345a47ff\" data-element_type=\"widget\" data-widget_type=\"text-editor.default\">\n\t\t\t\t<div class=\"elementor-widget-container\">\n\t\t\t\t\t\t\t<p>Dzi\u0119ki <strong>wieloletniemu do\u015bwiadczeniu<\/strong> naszych pracownik\u00f3w dzia\u0142u technicznego i operacyjnego proponujemy przeprowadzenie <strong>AUDYTU bezpiecze\u0144stwa Twojego obiektu<\/strong>.<\/p><p>Jeste\u015bmy przekonani, \u017ce odpowiedzialny w\u0142a\u015bciciel obiektu powinien zadba\u0107 o jego prawid\u0142owe <strong>zabezpieczenie<\/strong>.<\/p><p>Dzi\u0119ki przeprowadzonemu audytowi mo\u017cna skutecznie niwelowa\u0107 lub wyeliminowa\u0107 ryzyko wyst\u0105pienia niebezpiecznych sytuacji.<\/p><p>Oferujemy dokonanie kontroli poziomu bezpiecze\u0144stwa Twojego obiektu, w tym przede wszystkim dzia\u0142aj\u0105cych na jego terenie system\u00f3w bezpiecze\u0144stwa.<\/p>\t\t\t\t\t\t<\/div>\n\t\t\t\t<\/div>\n\t\t\t\t<section class=\"elementor-section elementor-inner-section elementor-element elementor-element-2de8a417 elementor-section-boxed elementor-section-height-default elementor-section-height-default wpr-particle-no wpr-jarallax-no wpr-parallax-no wpr-sticky-section-no\" data-id=\"2de8a417\" data-element_type=\"section\">\n\t\t\t\t\t\t<div class=\"elementor-container elementor-column-gap-no\">\n\t\t\t\t\t<div class=\"elementor-column elementor-col-100 elementor-inner-column elementor-element elementor-element-5c671242\" data-id=\"5c671242\" data-element_type=\"column\">\n\t\t\t<div class=\"elementor-widget-wrap elementor-element-populated\">\n\t\t\t\t\t\t\t\t<div class=\"elementor-element elementor-element-75add17d elementor-widget elementor-widget-text-editor\" data-id=\"75add17d\" data-element_type=\"widget\" data-widget_type=\"text-editor.default\">\n\t\t\t\t<div class=\"elementor-widget-container\">\n\t\t\t\t\t\t\t<p>Ka\u017cdy obiekt, nawet ten chroniony nowoczesnymi i najbardziej rozwini\u0119tymi technologicznie zabezpieczeniami oraz procedurami, warto podda\u0107 ocenie do\u015bwiadczonej osobie z zewn\u0105trz.<\/p><p>Audyt bezpiecze\u0144stwa Twojego obiektu przeprowadzi Nasz wyszkolony pracownik, kt\u00f3ry oceni poziom zabezpiecze\u0144, przy uwzgl\u0119dnieniu rodzaju obiektu i jego specyfiki dzia\u0142alno\u015bci.<\/p>\t\t\t\t\t\t<\/div>\n\t\t\t\t<\/div>\n\t\t\t\t\t<\/div>\n\t\t<\/div>\n\t\t\t\t\t\t\t<\/div>\n\t\t<\/section>\n\t\t\t\t\t<\/div>\n\t\t<\/div>\n\t\t\t\t\t\t\t<\/div>\n\t\t<\/section>\n\t\t\t\t<section class=\"elementor-section elementor-top-section elementor-element elementor-element-10547bc8 elementor-section-boxed elementor-section-height-default elementor-section-height-default wpr-particle-no wpr-jarallax-no wpr-parallax-no wpr-sticky-section-no\" data-id=\"10547bc8\" data-element_type=\"section\" id=\"xs_cta_business\" data-settings=\"{&quot;background_background&quot;:&quot;classic&quot;}\">\n\t\t\t\t\t\t<div class=\"elementor-container elementor-column-gap-default\">\n\t\t\t\t\t<div class=\"elementor-column elementor-col-50 elementor-top-column elementor-element elementor-element-3c2368a5\" data-id=\"3c2368a5\" data-element_type=\"column\">\n\t\t\t<div class=\"elementor-widget-wrap elementor-element-populated\">\n\t\t\t\t\t\t\t\t<div class=\"elementor-element elementor-element-1102298 elementor-widget elementor-widget-elementskit-heading\" data-id=\"1102298\" data-element_type=\"widget\" data-widget_type=\"elementskit-heading.default\">\n\t\t\t\t<div class=\"elementor-widget-container\">\n\t\t\t<div class=\"ekit-wid-con\" ><div class=\"ekit-heading elementskit-section-title-wraper text_left   ekit_heading_tablet-   ekit_heading_mobile-\"><h2 class=\"ekit-heading--title elementskit-section-title \">\n\t\t\t\t\t\tUzyskaj jeszcze wy\u017cszy poziom ochrony swojego mienia\n\t\t\t\t<\/h2>\t\t\t\t<div class='ekit-heading__description'>\n\t\t\t\t\t<p><strong>Wyniki audytu bezpiecze\u0144stwa obiektu <\/strong>pozwol\u0105 Ci na uzyskanie informacji o aktualnym stanie bezpiecze\u0144stwa w obiekcie, zweryfikowanie skuteczno\u015bci dotychczasowych dzia\u0142a\u0144 w ramach ochrony, okre\u015bleniu najbardziej istotnych zagro\u017ce\u0144 dla obiektu, dob\u00f3r najskuteczniejszych procedur bezpiecze\u0144stwa.<\/p>\n\t\t\t\t<\/div>\n\t\t\t<\/div><\/div>\t\t<\/div>\n\t\t\t\t<\/div>\n\t\t\t\t\t<\/div>\n\t\t<\/div>\n\t\t\t\t<div class=\"elementor-column elementor-col-50 elementor-top-column elementor-element elementor-element-7fda98fc\" data-id=\"7fda98fc\" data-element_type=\"column\">\n\t\t\t<div class=\"elementor-widget-wrap elementor-element-populated\">\n\t\t\t\t\t\t\t\t<div class=\"elementor-element elementor-element-7a5e24bf elementor-widget elementor-widget-elementskit-button\" data-id=\"7a5e24bf\" data-element_type=\"widget\" data-widget_type=\"elementskit-button.default\">\n\t\t\t\t<div class=\"elementor-widget-container\">\n\t\t\t<div class=\"ekit-wid-con\" >\t\t<div class=\"ekit-btn-wraper\">\n\t\t\t\t\t\t\t<a href=\"https:\/\/gepardsecurity.com.pl\/index.php\/kontakt\/\" class=\"elementskit-btn  whitespace--normal\" >\n\t\t\t\t\t\n\t\t\t\t\t\n\t\t\t\t\tZapraszamy do KONTAKTU\t\t\t\t<\/a>\n\t\t\t\t\t\t<\/div>\n        <\/div>\t\t<\/div>\n\t\t\t\t<\/div>\n\t\t\t\t\t<\/div>\n\t\t<\/div>\n\t\t\t\t\t\t\t<\/div>\n\t\t<\/section>\n\t\t\t\t<section class=\"elementor-section elementor-top-section elementor-element elementor-element-6f963987 elementor-section-boxed elementor-section-height-default elementor-section-height-default wpr-particle-no wpr-jarallax-no wpr-parallax-no wpr-sticky-section-no\" data-id=\"6f963987\" data-element_type=\"section\">\n\t\t\t\t\t\t<div class=\"elementor-container elementor-column-gap-default\">\n\t\t\t\t\t<div class=\"elementor-column elementor-col-100 elementor-top-column elementor-element elementor-element-2180e41\" data-id=\"2180e41\" data-element_type=\"column\">\n\t\t\t<div class=\"elementor-widget-wrap\">\n\t\t\t\t\t\t\t\t\t<\/div>\n\t\t<\/div>\n\t\t\t\t\t\t\t<\/div>\n\t\t<\/section>\n\t\t\t\t\t\t\t<\/div>\n\t\t","protected":false},"excerpt":{"rendered":"<p>Agencja Ochrony Gepard Security Sp. z o.o. oferuje Nasz AUDYT BEZPIECZE\u0143STWA OBIEKTU \u00a0 \u00a0 Dzi\u0119ki wieloletniemu do\u015bwiadczeniu naszych pracownik\u00f3w dzia\u0142u technicznego i operacyjnego proponujemy przeprowadzenie AUDYTU bezpiecze\u0144stwa Twojego obiektu. Jeste\u015bmy przekonani, \u017ce odpowiedzialny w\u0142a\u015bciciel obiektu powinien zadba\u0107 o jego prawid\u0142owe zabezpieczenie. Dzi\u0119ki przeprowadzonemu audytowi mo\u017cna skutecznie niwelowa\u0107 lub wyeliminowa\u0107 ryzyko wyst\u0105pienia niebezpiecznych sytuacji. Oferujemy dokonanie [&hellip;]<\/p>\n","protected":false},"author":1,"featured_media":0,"parent":0,"menu_order":0,"comment_status":"closed","ping_status":"closed","template":"","meta":{"footnotes":""},"class_list":["post-659","page","type-page","status-publish","hentry"],"_links":{"self":[{"href":"https:\/\/gepardsecurity.com.pl\/index.php\/wp-json\/wp\/v2\/pages\/659","targetHints":{"allow":["GET"]}}],"collection":[{"href":"https:\/\/gepardsecurity.com.pl\/index.php\/wp-json\/wp\/v2\/pages"}],"about":[{"href":"https:\/\/gepardsecurity.com.pl\/index.php\/wp-json\/wp\/v2\/types\/page"}],"author":[{"embeddable":true,"href":"https:\/\/gepardsecurity.com.pl\/index.php\/wp-json\/wp\/v2\/users\/1"}],"replies":[{"embeddable":true,"href":"https:\/\/gepardsecurity.com.pl\/index.php\/wp-json\/wp\/v2\/comments?post=659"}],"version-history":[{"count":4,"href":"https:\/\/gepardsecurity.com.pl\/index.php\/wp-json\/wp\/v2\/pages\/659\/revisions"}],"predecessor-version":[{"id":734,"href":"https:\/\/gepardsecurity.com.pl\/index.php\/wp-json\/wp\/v2\/pages\/659\/revisions\/734"}],"wp:attachment":[{"href":"https:\/\/gepardsecurity.com.pl\/index.php\/wp-json\/wp\/v2\/media?parent=659"}],"curies":[{"name":"wp","href":"https:\/\/api.w.org\/{rel}","templated":true}]}}