{"id":53,"date":"2022-04-22T18:58:42","date_gmt":"2022-04-22T16:58:42","guid":{"rendered":"https:\/\/gepardsecurity.com.pl\/?page_id=53"},"modified":"2022-05-12T12:55:33","modified_gmt":"2022-05-12T10:55:33","slug":"centrum-monitorowania-alarmow","status":"publish","type":"page","link":"https:\/\/gepardsecurity.com.pl\/index.php\/centrum-monitorowania-alarmow\/","title":{"rendered":"CENTRUM MONITOROWANIA ALARM\u00d3W"},"content":{"rendered":"\t\t<div data-elementor-type=\"wp-page\" data-elementor-id=\"53\" class=\"elementor elementor-53\">\n\t\t\t\t\t\t\t\t\t<section class=\"elementor-section elementor-top-section elementor-element elementor-element-6226bbb8 elementor-section-boxed elementor-section-height-default elementor-section-height-default wpr-particle-no wpr-jarallax-no wpr-parallax-no wpr-sticky-section-no\" data-id=\"6226bbb8\" data-element_type=\"section\">\n\t\t\t\t\t\t<div class=\"elementor-container elementor-column-gap-default\">\n\t\t\t\t\t<div class=\"elementor-column elementor-col-100 elementor-top-column elementor-element elementor-element-424e0674\" data-id=\"424e0674\" data-element_type=\"column\">\n\t\t\t<div class=\"elementor-widget-wrap elementor-element-populated\">\n\t\t\t\t\t\t\t\t<section class=\"elementor-section elementor-inner-section elementor-element elementor-element-45491123 elementor-section-boxed elementor-section-height-default elementor-section-height-default wpr-particle-no wpr-jarallax-no wpr-parallax-no wpr-sticky-section-no\" data-id=\"45491123\" data-element_type=\"section\">\n\t\t\t\t\t\t<div class=\"elementor-container elementor-column-gap-default\">\n\t\t\t\t\t<div class=\"elementor-column elementor-col-100 elementor-inner-column elementor-element elementor-element-186817d1\" data-id=\"186817d1\" data-element_type=\"column\">\n\t\t\t<div class=\"elementor-widget-wrap elementor-element-populated\">\n\t\t\t\t\t\t\t\t<div class=\"elementor-element elementor-element-60a2593a elementor-widget__width-inherit elementor-widget elementor-widget-elementskit-heading\" data-id=\"60a2593a\" data-element_type=\"widget\" data-widget_type=\"elementskit-heading.default\">\n\t\t\t\t<div class=\"elementor-widget-container\">\n\t\t\t<div class=\"ekit-wid-con\" ><div class=\"ekit-heading elementskit-section-title-wraper center   ekit_heading_tablet-   ekit_heading_mobile-\"><h2 class=\"ekit-heading--title elementskit-section-title \">\n\t\t\t\t\t\tCentrum Monitorowania Alarm\u00f3w\n\t\t\t\t<\/h2>\t\t\t\t<div class='ekit-heading__description'>\n\t\t\t\t\t<h4>Nowoczesne, innowacyjne i skuteczne rozwi\u0105zania<\/h4>\n\t\t\t\t<\/div>\n\t\t\t<div class=\"ekit_heading_separetor_wraper ekit_heading_elementskit-border-divider\"><div class=\"elementskit-border-divider\"><\/div><\/div><\/div><\/div>\t\t<\/div>\n\t\t\t\t<\/div>\n\t\t\t\t\t<\/div>\n\t\t<\/div>\n\t\t\t\t\t\t\t<\/div>\n\t\t<\/section>\n\t\t\t\t<section class=\"elementor-section elementor-inner-section elementor-element elementor-element-16968802 elementor-section-boxed elementor-section-height-default elementor-section-height-default wpr-particle-no wpr-jarallax-no wpr-parallax-no wpr-sticky-section-no\" data-id=\"16968802\" data-element_type=\"section\">\n\t\t\t\t\t\t<div class=\"elementor-container elementor-column-gap-default\">\n\t\t\t\t\t<div class=\"elementor-column elementor-col-100 elementor-inner-column elementor-element elementor-element-de21335\" data-id=\"de21335\" data-element_type=\"column\">\n\t\t\t<div class=\"elementor-widget-wrap\">\n\t\t\t\t\t\t\t\t\t<\/div>\n\t\t<\/div>\n\t\t\t\t\t\t\t<\/div>\n\t\t<\/section>\n\t\t\t\t<section class=\"elementor-section elementor-inner-section elementor-element elementor-element-789bc48b elementor-section-boxed elementor-section-height-default elementor-section-height-default wpr-particle-no wpr-jarallax-no wpr-parallax-no wpr-sticky-section-no\" data-id=\"789bc48b\" data-element_type=\"section\">\n\t\t\t\t\t\t<div class=\"elementor-container elementor-column-gap-default\">\n\t\t\t\t\t<div class=\"elementor-column elementor-col-50 elementor-inner-column elementor-element elementor-element-2fa25ca5\" data-id=\"2fa25ca5\" data-element_type=\"column\">\n\t\t\t<div class=\"elementor-widget-wrap elementor-element-populated\">\n\t\t\t\t\t\t\t\t<div class=\"elementor-element elementor-element-7abe18ad ekit-equal-height-disable elementor-widget elementor-widget-elementskit-icon-box\" data-id=\"7abe18ad\" data-element_type=\"widget\" data-widget_type=\"elementskit-icon-box.default\">\n\t\t\t\t<div class=\"elementor-widget-container\">\n\t\t\t<div class=\"ekit-wid-con\" >        <!-- link opening -->\n                <!-- end link opening -->\n\n        <div class=\"elementskit-infobox text-left text-left icon-lef-right-aligin elementor-animation- media  \">\n                    <div class=\"elementskit-box-header elementor-animation-\">\n                <div class=\"elementskit-info-box-icon  text-center\">\n                    <i aria-hidden=\"true\" class=\"elementkit-infobox-icon icon icon-camera-video\"><\/i>\n                <\/div>\n          <\/div>\n                        <div class=\"box-body\">\n                            <h3 class=\"elementskit-info-box-title\">\n                    Zdalny doz\u00f3r wideo                <\/h3>\n                                    <p>Dzi\u0119ki wykorzystaniu systemu kamer zainstalowanych na obiekcie u Naszego Klienta mo\u017cemy wykona\u0107 weryfikacj\u0119 oraz kontrol\u0119 bezpiecze\u0144stwa terenu. <\/p>\n                                <\/div>\n        \n        \n                <\/div>\n        <\/div>\t\t<\/div>\n\t\t\t\t<\/div>\n\t\t\t\t<div class=\"elementor-element elementor-element-66115ccb ekit-equal-height-disable elementor-widget elementor-widget-elementskit-icon-box\" data-id=\"66115ccb\" data-element_type=\"widget\" data-widget_type=\"elementskit-icon-box.default\">\n\t\t\t\t<div class=\"elementor-widget-container\">\n\t\t\t<div class=\"ekit-wid-con\" >        <!-- link opening -->\n                <!-- end link opening -->\n\n        <div class=\"elementskit-infobox text-left text-left icon-lef-right-aligin elementor-animation- media  \">\n                    <div class=\"elementskit-box-header elementor-animation-\">\n                <div class=\"elementskit-info-box-icon  text-center\">\n                    <i aria-hidden=\"true\" class=\"elementkit-infobox-icon icon icon-map-marker1\"><\/i>\n                <\/div>\n          <\/div>\n                        <div class=\"box-body\">\n                            <h3 class=\"elementskit-info-box-title\">\n                    Monitorowanie GPS                <\/h3>\n                                    <p>Za pomoc\u0105 modu\u0142u GPS mo\u017cemy zweryfikowa\u0107 po\u0142o\u017cenie geograficzne obiekt\u00f3w w ruchu. W naszym systemie sprawdzisz m.in.: aktualn\u0105 pozycj\u0119, histori\u0119 tras, kontrol\u0119 stref, pomiary paliwa. <\/p>\n                                <\/div>\n        \n        \n                <\/div>\n        <\/div>\t\t<\/div>\n\t\t\t\t<\/div>\n\t\t\t\t\t<\/div>\n\t\t<\/div>\n\t\t\t\t<div class=\"elementor-column elementor-col-50 elementor-inner-column elementor-element elementor-element-6015e2e\" data-id=\"6015e2e\" data-element_type=\"column\">\n\t\t\t<div class=\"elementor-widget-wrap elementor-element-populated\">\n\t\t\t\t\t\t\t\t<div class=\"elementor-element elementor-element-1bf85aba ekit-equal-height-disable elementor-widget elementor-widget-elementskit-icon-box\" data-id=\"1bf85aba\" data-element_type=\"widget\" data-widget_type=\"elementskit-icon-box.default\">\n\t\t\t\t<div class=\"elementor-widget-container\">\n\t\t\t<div class=\"ekit-wid-con\" >        <!-- link opening -->\n                <!-- end link opening -->\n\n        <div class=\"elementskit-infobox text-left text-left icon-lef-right-aligin elementor-animation- media  \">\n                    <div class=\"elementskit-box-header elementor-animation-\">\n                <div class=\"elementskit-info-box-icon  text-center\">\n                    <i aria-hidden=\"true\" class=\"elementkit-infobox-icon icon icon-alarm\"><\/i>\n                <\/div>\n          <\/div>\n                        <div class=\"box-body\">\n                            <h3 class=\"elementskit-info-box-title\">\n                    Monitoring sygna\u0142\u00f3w                <\/h3>\n                                    <p>Za pomoc\u0105 Naszych system\u00f3w jeste\u015bmy w stanie odbiera\u0107 i rejestrowa\u0107 sygna\u0142y z analityki obrazu, czujnik\u00f3w oraz innych urz\u0105dze\u0144 zamontowanych w obiektach kompatybilnych z centralami oraz transmiterami pracuj\u0105cymi pod Nasz\u0105 kontrol\u0105. <\/p>\n                                <\/div>\n        \n        \n                <\/div>\n        <\/div>\t\t<\/div>\n\t\t\t\t<\/div>\n\t\t\t\t<div class=\"elementor-element elementor-element-4b07c74b ekit-equal-height-disable elementor-widget elementor-widget-elementskit-icon-box\" data-id=\"4b07c74b\" data-element_type=\"widget\" data-widget_type=\"elementskit-icon-box.default\">\n\t\t\t\t<div class=\"elementor-widget-container\">\n\t\t\t<div class=\"ekit-wid-con\" >        <!-- link opening -->\n                <!-- end link opening -->\n\n        <div class=\"elementskit-infobox text-left text-left icon-lef-right-aligin elementor-animation- media  \">\n                    <div class=\"elementskit-box-header elementor-animation-\">\n                <div class=\"elementskit-info-box-icon  text-center\">\n                    <i aria-hidden=\"true\" class=\"elementkit-infobox-icon fas fa-walking\"><\/i>\n                <\/div>\n          <\/div>\n                        <div class=\"box-body\">\n                            <h3 class=\"elementskit-info-box-title\">\n                    Monitoring os\u00f3b                <\/h3>\n                                    <p>Monitorujemy prac\u0119 pracownik\u00f3w ochrony fizycznej. <\/p>\n                                <\/div>\n        \n        \n                <\/div>\n        <\/div>\t\t<\/div>\n\t\t\t\t<\/div>\n\t\t\t\t\t<\/div>\n\t\t<\/div>\n\t\t\t\t\t\t\t<\/div>\n\t\t<\/section>\n\t\t\t\t\t<\/div>\n\t\t<\/div>\n\t\t\t\t\t\t\t<\/div>\n\t\t<\/section>\n\t\t\t\t<section class=\"elementor-section elementor-top-section elementor-element elementor-element-5d8d85f6 elementor-section-boxed elementor-section-height-default elementor-section-height-default wpr-particle-no wpr-jarallax-no wpr-parallax-no wpr-sticky-section-no\" data-id=\"5d8d85f6\" data-element_type=\"section\" id=\"xs_faq_7\" data-settings=\"{&quot;background_background&quot;:&quot;classic&quot;}\">\n\t\t\t\t\t\t<div class=\"elementor-container elementor-column-gap-default\">\n\t\t\t\t\t<div class=\"elementor-column elementor-col-100 elementor-top-column elementor-element elementor-element-46d87ba4\" data-id=\"46d87ba4\" data-element_type=\"column\">\n\t\t\t<div class=\"elementor-widget-wrap elementor-element-populated\">\n\t\t\t\t\t\t\t\t<div class=\"elementor-element elementor-element-5dc1b441 elementor-widget elementor-widget-elementskit-heading\" data-id=\"5dc1b441\" data-element_type=\"widget\" data-widget_type=\"elementskit-heading.default\">\n\t\t\t\t<div class=\"elementor-widget-container\">\n\t\t\t<div class=\"ekit-wid-con\" ><div class=\"ekit-heading elementskit-section-title-wraper text_center   ekit_heading_tablet-   ekit_heading_mobile-\"><h2 class=\"ekit-heading--title elementskit-section-title \">\n\t\t\t\t\t\tPod\u0142\u0105czenie do CMA\n\t\t\t\t<\/h2><div class=\"ekit_heading_separetor_wraper ekit_heading_elementskit-border-divider\"><div class=\"elementskit-border-divider\"><\/div><\/div>\t\t\t\t<div class='ekit-heading__description'>\n\t\t\t\t\t<p>Pod\u0142\u0105czenie systemu alarmowego i systemu monitoringu do Naszego ca\u0142odobowego Centrum Monitorowania Alarm\u00f3w (dalej: CMA) <br \/>zdecydowanie poprawia stan\u00a0bezpiecze\u0144stwa u\u017cytkownik\u00f3w oraz ich mienia.<\/p>\n\t\t\t\t<\/div>\n\t\t\t<\/div><\/div>\t\t<\/div>\n\t\t\t\t<\/div>\n\t\t\t\t<section class=\"elementor-section elementor-inner-section elementor-element elementor-element-653a597e elementor-section-boxed elementor-section-height-default elementor-section-height-default wpr-particle-no wpr-jarallax-no wpr-parallax-no wpr-sticky-section-no\" data-id=\"653a597e\" data-element_type=\"section\">\n\t\t\t\t\t\t<div class=\"elementor-container elementor-column-gap-default\">\n\t\t\t\t\t<div class=\"elementor-column elementor-col-100 elementor-inner-column elementor-element elementor-element-1e446da6\" data-id=\"1e446da6\" data-element_type=\"column\">\n\t\t\t<div class=\"elementor-widget-wrap elementor-element-populated\">\n\t\t\t\t\t\t\t\t<div class=\"elementor-element elementor-element-3cb1fb7 elementor-widget elementor-widget-elementskit-faq\" data-id=\"3cb1fb7\" data-element_type=\"widget\" data-widget_type=\"elementskit-faq.default\">\n\t\t\t\t<div class=\"elementor-widget-container\">\n\t\t\t<div class=\"ekit-wid-con\" >\n                <div class=\"elementskit-single-faq elementor-repeater-item-933ec5b\">\n            <div class=\"elementskit-faq-header\">\n                <h2 class=\"elementskit-faq-title\">Jak dzia\u0142a CMA?<\/h2>\n            <\/div>\n            <div class=\"elementskit-faq-body\">\n                W przypadku napadu, w\u0142amania lub innych zdarze\u0144 informacja natychmiast dociera do\u00a0CMA - tam podejmowane s\u0105 odpowiednie kroki celem maksymalnego zabezpieczenia mienia i zdrowia u\u017cytkownika systemu. Po otrzymaniu sygna\u0142u alarmowego operator CMA wysy\u0142a na miejsce zdarzenia odpowiednio\u00a0wyposa\u017con\u0105 za\u0142og\u0119 interwencyjno-patrolow\u0105, kt\u00f3ra podejmuje okre\u015blone czynno\u015bci ochronne oraz zabezpiecza obiekt\u00a0do momentu przybycia w\u0142a\u015bciciela.            <\/div>\n        <\/div>\n                <div class=\"elementskit-single-faq elementor-repeater-item-b2cc0e1\">\n            <div class=\"elementskit-faq-header\">\n                <h2 class=\"elementskit-faq-title\">Za pomoc\u0105 czego odbywa si\u0119 monitorowanie obiektu?<\/h2>\n            <\/div>\n            <div class=\"elementskit-faq-body\">\n                Monitorowanie system\u00f3w alarmowych odbywa sie za pomoc\u0105 nadajnik\u00f3w GSM, GPRS\/SMS lub po liniach telefonii stacjonarnej.            <\/div>\n        <\/div>\n                <div class=\"elementskit-single-faq elementor-repeater-item-83f844a\">\n            <div class=\"elementskit-faq-header\">\n                <h2 class=\"elementskit-faq-title\">Us\u0142uga monitorowania sygna\u0142\u00f3w audio-video<\/h2>\n            <\/div>\n            <div class=\"elementskit-faq-body\">\n                Agencja ochrony \"GEPARD SECURITY SP. Z O.O.\" sp. z o.o. oferuje r\u00f3wnie\u017c us\u0142ug\u0119 monitorowania sygna\u0142\u00f3w audio-video.\n\nPo odebraniu sygna\u0142u z obiektu, operator CMA ma mo\u017cliwo\u015b\u0107 podgl\u0105du na ekranie monitora sytuacji na obiekcie i podj\u0119cie odpowiednich dzia\u0142a\u0144 ochronnych jeszcze przed weryfikacj\u0105 przez za\u0142og\u0119 interwencyjn\u0105. W istotny spos\u00f3b zwi\u0119ksza to bezpiecze\u0144stwo naszych klient\u00f3w.            <\/div>\n        <\/div>\n        \n    <\/div>\t\t<\/div>\n\t\t\t\t<\/div>\n\t\t\t\t\t<\/div>\n\t\t<\/div>\n\t\t\t\t\t\t\t<\/div>\n\t\t<\/section>\n\t\t\t\t\t<\/div>\n\t\t<\/div>\n\t\t\t\t\t\t\t<\/div>\n\t\t<\/section>\n\t\t\t\t<section class=\"elementor-section elementor-top-section elementor-element elementor-element-6fa84688 elementor-section-boxed elementor-section-height-default elementor-section-height-default wpr-particle-no wpr-jarallax-no wpr-parallax-no wpr-sticky-section-no\" data-id=\"6fa84688\" data-element_type=\"section\">\n\t\t\t\t\t\t<div class=\"elementor-container elementor-column-gap-default\">\n\t\t\t\t\t<div class=\"elementor-column elementor-col-100 elementor-top-column elementor-element elementor-element-2df213f3\" data-id=\"2df213f3\" data-element_type=\"column\">\n\t\t\t<div class=\"elementor-widget-wrap elementor-element-populated\">\n\t\t\t\t\t\t\t\t<div class=\"elementor-element elementor-element-35c006a4 elementor-widget elementor-widget-text-editor\" data-id=\"35c006a4\" data-element_type=\"widget\" data-widget_type=\"text-editor.default\">\n\t\t\t\t<div class=\"elementor-widget-container\">\n\t\t\t<style>\/*! elementor - v3.6.4 - 13-04-2022 *\/\n.elementor-widget-text-editor.elementor-drop-cap-view-stacked .elementor-drop-cap{background-color:#818a91;color:#fff}.elementor-widget-text-editor.elementor-drop-cap-view-framed .elementor-drop-cap{color:#818a91;border:3px solid;background-color:transparent}.elementor-widget-text-editor:not(.elementor-drop-cap-view-default) .elementor-drop-cap{margin-top:8px}.elementor-widget-text-editor:not(.elementor-drop-cap-view-default) .elementor-drop-cap-letter{width:1em;height:1em}.elementor-widget-text-editor .elementor-drop-cap{float:left;text-align:center;line-height:1;font-size:50px}.elementor-widget-text-editor .elementor-drop-cap-letter{display:inline-block}<\/style>\t\t\t\t<!-- wp:heading {\"level\":3} -->\n<p>\u00a0<\/p>\n<p><strong style=\"color: var( --e-global-color-text );\">Centrum Monitorowania Alarm\u00f3w<\/strong> <strong style=\"color: var( --e-global-color-text );\">umo\u017cliwia:<\/strong><\/p>\n<ul>\n<li>odbi\u00f3r nast\u0119puj\u0105cych danych:<\/li>\n<li style=\"list-style-type: none;\">\n<ul>\n<li>za\u0142\u0105czenie, wy\u0142\u0105czenie systemu alarmowego,<\/li>\n<li>informacja z danego sektora zdarzenia,<\/li>\n<li>w\u0142amanie, napad, po\u017car,<\/li>\n<li>sabota\u017c systemu alarmowego,<\/li>\n<li>brak zasilania 230V,<\/li>\n<li>roz\u0142adowany akumulator,<\/li>\n<\/ul>\n<\/li>\n<li>powiadomienie klienta o braku za\u0142\u0105czenia,<\/li>\n<li>powiadomienie klienta o wy\u0142\u0105czeniu przed okre\u015blonym czasem,<\/li>\n<li>powiadomienie klienta SMS-em o wybranym zdarzeniu,<\/li>\n<li>archiwizowanie wszystkich zdarze\u0144,<\/li>\n<li>monitorowanie na terenie ca\u0142ego kraju,<\/li>\n<li>monitoring GPS pojazd\u00f3w i obiekt\u00f3w ruchomych.<\/li>\n<\/ul>\n<p><!-- \/wp:heading --><\/p>\n<p><!-- \/wp:paragraph --><\/p>\n<p><!-- wp:paragraph --><\/p>\n<p><!-- \/wp:paragraph --><\/p>\n<p><!-- wp:image {\"align\":\"full\",\"id\":155,\"sizeSlug\":\"large\",\"linkDestination\":\"none\"} --><\/p>\n<figure><\/figure>\n<p><!-- \/wp:image --><\/p>\n<p><!-- wp:paragraph --><\/p>\n<p><!-- \/wp:paragraph --><\/p>\t\t\t\t\t\t<\/div>\n\t\t\t\t<\/div>\n\t\t\t\t\t<\/div>\n\t\t<\/div>\n\t\t\t\t\t\t\t<\/div>\n\t\t<\/section>\n\t\t\t\t<section class=\"elementor-section elementor-top-section elementor-element elementor-element-5d66e4e2 elementor-section-boxed elementor-section-height-default elementor-section-height-default wpr-particle-no wpr-jarallax-no wpr-parallax-no wpr-sticky-section-no\" data-id=\"5d66e4e2\" data-element_type=\"section\" data-settings=\"{&quot;background_background&quot;:&quot;classic&quot;}\">\n\t\t\t\t\t\t<div class=\"elementor-container elementor-column-gap-default\">\n\t\t\t\t\t<div class=\"elementor-column elementor-col-50 elementor-top-column elementor-element elementor-element-7583bff4\" data-id=\"7583bff4\" data-element_type=\"column\">\n\t\t\t<div class=\"elementor-widget-wrap elementor-element-populated\">\n\t\t\t\t\t\t\t\t<div class=\"elementor-element elementor-element-600c76a0 elementor-widget elementor-widget-elementskit-heading\" data-id=\"600c76a0\" data-element_type=\"widget\" data-widget_type=\"elementskit-heading.default\">\n\t\t\t\t<div class=\"elementor-widget-container\">\n\t\t\t<div class=\"ekit-wid-con\" ><div class=\"ekit-heading elementskit-section-title-wraper text_left   ekit_heading_tablet-   ekit_heading_mobile-\"><span class=\"elementskit-section-subtitle  elementskit-style-border\">O tym musisz wiedzie\u0107<\/span><h2 class=\"ekit-heading--title elementskit-section-title \">\n\t\t\t\t\t\tNasza Agencja OCHRONY\n\t\t\t\t<\/h2><\/div><\/div>\t\t<\/div>\n\t\t\t\t<\/div>\n\t\t\t\t<div class=\"elementor-element elementor-element-e907d7f elementor-widget elementor-widget-text-editor\" data-id=\"e907d7f\" data-element_type=\"widget\" data-widget_type=\"text-editor.default\">\n\t\t\t\t<div class=\"elementor-widget-container\">\n\t\t\t\t\t\t\t<p>jest nowoczesn\u0105 firm\u0105 z bran\u017cy ochrony os\u00f3b i mienia, <br \/>kt\u00f3ra specjalizuje si\u0119 w profesjonalnej ochronie hybrydowej obiekt\u00f3w przez ca\u0142\u0105 dob\u0119.<\/p>\n<p>Nasze Centrum Monitorowania Alarm\u00f3w dzia\u0142a 24h 7 dni w tygodniu.\u00a0<\/p>\n<p>\u00a0<\/p>\t\t\t\t\t\t<\/div>\n\t\t\t\t<\/div>\n\t\t\t\t<div class=\"elementor-element elementor-element-7cb8e339 elementor-widget elementor-widget-text-editor\" data-id=\"7cb8e339\" data-element_type=\"widget\" data-widget_type=\"text-editor.default\">\n\t\t\t\t<div class=\"elementor-widget-container\">\n\t\t\t\t\t\t\t<p>Zapewniamy profesjonalne us\u0142ugi uzupe\u0142niaj\u0105ce bezpiecze\u0144stwo na Pa\u0144stwa obiektach.<\/p>\t\t\t\t\t\t<\/div>\n\t\t\t\t<\/div>\n\t\t\t\t<section class=\"elementor-section elementor-inner-section elementor-element elementor-element-1ed7e1d6 elementor-section-boxed elementor-section-height-default elementor-section-height-default wpr-particle-no wpr-jarallax-no wpr-parallax-no wpr-sticky-section-no\" data-id=\"1ed7e1d6\" data-element_type=\"section\">\n\t\t\t\t\t\t<div class=\"elementor-container elementor-column-gap-no\">\n\t\t\t\t\t<div class=\"elementor-column elementor-col-100 elementor-inner-column elementor-element elementor-element-2904d31\" data-id=\"2904d31\" data-element_type=\"column\">\n\t\t\t<div class=\"elementor-widget-wrap elementor-element-populated\">\n\t\t\t\t\t\t\t\t<div class=\"elementor-element elementor-element-1101a15b elementor-view-default elementor-widget elementor-widget-icon\" data-id=\"1101a15b\" data-element_type=\"widget\" data-widget_type=\"icon.default\">\n\t\t\t\t<div class=\"elementor-widget-container\">\n\t\t\t\t\t<div class=\"elementor-icon-wrapper\">\n\t\t\t<div class=\"elementor-icon\">\n\t\t\t<i aria-hidden=\"true\" class=\"icon icon-quote\"><\/i>\t\t\t<\/div>\n\t\t<\/div>\n\t\t\t\t<\/div>\n\t\t\t\t<\/div>\n\t\t\t\t<div class=\"elementor-element elementor-element-7edf0133 elementor-widget elementor-widget-text-editor\" data-id=\"7edf0133\" data-element_type=\"widget\" data-widget_type=\"text-editor.default\">\n\t\t\t\t<div class=\"elementor-widget-container\">\n\t\t\t\t\t\t\t<h3 class=\"heading-light\">Dlaczego my?<\/h3>\t\t\t\t\t\t<\/div>\n\t\t\t\t<\/div>\n\t\t\t\t\t<\/div>\n\t\t<\/div>\n\t\t\t\t\t\t\t<\/div>\n\t\t<\/section>\n\t\t\t\t<div class=\"elementor-element elementor-element-d679059 elementor-widget elementor-widget-text-editor\" data-id=\"d679059\" data-element_type=\"widget\" data-widget_type=\"text-editor.default\">\n\t\t\t\t<div class=\"elementor-widget-container\">\n\t\t\t\t\t\t\t<p>Twoje bezpiecze\u0144stwo jest starannie analizowane i planowane przez do\u015bwiadczon\u0105 i zaanga\u017cowan\u0105 kadr\u0119. To na podstawie ich wiedzy <br \/>oraz umiej\u0119tno\u015bciom mo\u017cesz spa\u0107 spokojnie ka\u017cdej nocy.<\/p>\n<p>Nasza firma dzia\u0142a na podstawie Koncesji MSWiA Nr L-0051\/22<\/p>\t\t\t\t\t\t<\/div>\n\t\t\t\t<\/div>\n\t\t\t\t\t<\/div>\n\t\t<\/div>\n\t\t\t\t<div class=\"elementor-column elementor-col-50 elementor-top-column elementor-element elementor-element-4bbb365e\" data-id=\"4bbb365e\" data-element_type=\"column\" data-settings=\"{&quot;background_background&quot;:&quot;classic&quot;}\">\n\t\t\t<div class=\"elementor-widget-wrap\">\n\t\t\t\t\t<div class=\"elementor-background-overlay\"><\/div>\n\t\t\t\t\t\t\t\t\t<\/div>\n\t\t<\/div>\n\t\t\t\t\t\t\t<\/div>\n\t\t<\/section>\n\t\t\t\t<section class=\"elementor-section elementor-top-section elementor-element elementor-element-59fa7aad elementor-section-full_width elementor-section-height-default elementor-section-height-default wpr-particle-no wpr-jarallax-no wpr-parallax-no wpr-sticky-section-no\" data-id=\"59fa7aad\" data-element_type=\"section\" data-settings=\"{&quot;background_background&quot;:&quot;classic&quot;}\">\n\t\t\t\t\t\t<div class=\"elementor-container elementor-column-gap-default\">\n\t\t\t\t\t<div class=\"elementor-column elementor-col-100 elementor-top-column elementor-element elementor-element-69c18b15\" data-id=\"69c18b15\" data-element_type=\"column\">\n\t\t\t<div class=\"elementor-widget-wrap\">\n\t\t\t\t\t\t\t\t\t<\/div>\n\t\t<\/div>\n\t\t\t\t\t\t\t<\/div>\n\t\t<\/section>\n\t\t\t\t<section class=\"elementor-section elementor-top-section elementor-element elementor-element-19b3ef3a1 elementor-section-boxed elementor-section-height-default elementor-section-height-default wpr-particle-no wpr-jarallax-no wpr-parallax-no wpr-sticky-section-no\" data-id=\"19b3ef3a1\" data-element_type=\"section\">\n\t\t\t\t\t\t<div class=\"elementor-container elementor-column-gap-default\">\n\t\t\t\t\t<div class=\"elementor-column elementor-col-100 elementor-top-column elementor-element elementor-element-1f231ca\" data-id=\"1f231ca\" data-element_type=\"column\">\n\t\t\t<div class=\"elementor-widget-wrap\">\n\t\t\t\t\t\t\t\t\t<\/div>\n\t\t<\/div>\n\t\t\t\t\t\t\t<\/div>\n\t\t<\/section>\n\t\t\t\t\t\t\t<\/div>\n\t\t","protected":false},"excerpt":{"rendered":"<p>Centrum Monitorowania Alarm\u00f3w Nowoczesne, innowacyjne i skuteczne rozwi\u0105zania Zdalny doz\u00f3r wideo Dzi\u0119ki wykorzystaniu systemu kamer zainstalowanych na obiekcie u Naszego Klienta mo\u017cemy wykona\u0107 weryfikacj\u0119 oraz kontrol\u0119 bezpiecze\u0144stwa terenu. Monitorowanie GPS Za pomoc\u0105 modu\u0142u GPS mo\u017cemy zweryfikowa\u0107 po\u0142o\u017cenie geograficzne obiekt\u00f3w w ruchu. W naszym systemie sprawdzisz m.in.: aktualn\u0105 pozycj\u0119, histori\u0119 tras, kontrol\u0119 stref, pomiary paliwa. Monitoring [&hellip;]<\/p>\n","protected":false},"author":1,"featured_media":0,"parent":0,"menu_order":0,"comment_status":"closed","ping_status":"closed","template":"","meta":{"footnotes":""},"class_list":["post-53","page","type-page","status-publish","hentry"],"_links":{"self":[{"href":"https:\/\/gepardsecurity.com.pl\/index.php\/wp-json\/wp\/v2\/pages\/53","targetHints":{"allow":["GET"]}}],"collection":[{"href":"https:\/\/gepardsecurity.com.pl\/index.php\/wp-json\/wp\/v2\/pages"}],"about":[{"href":"https:\/\/gepardsecurity.com.pl\/index.php\/wp-json\/wp\/v2\/types\/page"}],"author":[{"embeddable":true,"href":"https:\/\/gepardsecurity.com.pl\/index.php\/wp-json\/wp\/v2\/users\/1"}],"replies":[{"embeddable":true,"href":"https:\/\/gepardsecurity.com.pl\/index.php\/wp-json\/wp\/v2\/comments?post=53"}],"version-history":[{"count":63,"href":"https:\/\/gepardsecurity.com.pl\/index.php\/wp-json\/wp\/v2\/pages\/53\/revisions"}],"predecessor-version":[{"id":837,"href":"https:\/\/gepardsecurity.com.pl\/index.php\/wp-json\/wp\/v2\/pages\/53\/revisions\/837"}],"wp:attachment":[{"href":"https:\/\/gepardsecurity.com.pl\/index.php\/wp-json\/wp\/v2\/media?parent=53"}],"curies":[{"name":"wp","href":"https:\/\/api.w.org\/{rel}","templated":true}]}}