{"id":50,"date":"2022-04-22T18:58:42","date_gmt":"2022-04-22T16:58:42","guid":{"rendered":"https:\/\/gepardsecurity.com.pl\/?page_id=50"},"modified":"2025-07-03T11:44:54","modified_gmt":"2025-07-03T09:44:54","slug":"monitoring-wizyjny","status":"publish","type":"page","link":"https:\/\/gepardsecurity.com.pl\/index.php\/monitoring-wizyjny\/","title":{"rendered":"MONITORING WIZYJNY"},"content":{"rendered":"\t\t<div data-elementor-type=\"wp-page\" data-elementor-id=\"50\" class=\"elementor elementor-50\">\n\t\t\t\t\t\t\t\t\t<section class=\"elementor-section elementor-top-section elementor-element elementor-element-496189b elementor-section-boxed elementor-section-height-default elementor-section-height-default wpr-particle-no wpr-jarallax-no wpr-parallax-no wpr-sticky-section-no\" data-id=\"496189b\" data-element_type=\"section\">\n\t\t\t\t\t\t<div class=\"elementor-container elementor-column-gap-default\">\n\t\t\t\t\t<div class=\"elementor-column elementor-col-100 elementor-top-column elementor-element elementor-element-7f8e4d65\" data-id=\"7f8e4d65\" data-element_type=\"column\">\n\t\t\t<div class=\"elementor-widget-wrap elementor-element-populated\">\n\t\t\t\t\t\t\t\t<div class=\"elementor-element elementor-element-57f7bee3 elementor-widget elementor-widget-text-editor\" data-id=\"57f7bee3\" data-element_type=\"widget\" data-widget_type=\"text-editor.default\">\n\t\t\t\t<div class=\"elementor-widget-container\">\n\t\t\t<style>\/*! elementor - v3.6.4 - 13-04-2022 *\/\n.elementor-widget-text-editor.elementor-drop-cap-view-stacked .elementor-drop-cap{background-color:#818a91;color:#fff}.elementor-widget-text-editor.elementor-drop-cap-view-framed .elementor-drop-cap{color:#818a91;border:3px solid;background-color:transparent}.elementor-widget-text-editor:not(.elementor-drop-cap-view-default) .elementor-drop-cap{margin-top:8px}.elementor-widget-text-editor:not(.elementor-drop-cap-view-default) .elementor-drop-cap-letter{width:1em;height:1em}.elementor-widget-text-editor .elementor-drop-cap{float:left;text-align:center;line-height:1;font-size:50px}.elementor-widget-text-editor .elementor-drop-cap-letter{display:inline-block}<\/style>\t\t\t\t<!-- wp:heading -->\n<h2>Oferujemy optymalizacj\u0119, a nawet redukcj\u0119 koszt\u00f3w ochrony fizycznej.<\/h2>\n<!-- \/wp:heading --><!-- wp:paragraph -->\n<p><strong>Ochrona zdalna obiektu znacz\u0105co zmniejsza koszty utrzymania jego ochrony<\/strong> w por\u00f3wnaniu do standardowej ochrony fizycznej.<\/p>\n<!-- \/wp:paragraph --><!-- wp:paragraph -->\n<p>Naszym celem jest skuteczne <strong>wdra\u017canie us\u0142ug ochrony hybrydowej<\/strong>, dzi\u0119ki kt\u00f3rej opr\u00f3cz poprawy bezpiecze\u0144stwa, pomagamy Klientowi osi\u0105gn\u0105\u0107 korzy\u015bci w postaci zast\u0105pienia prostych czynno\u015bci wykonywanych przez pracownik\u00f3w ochrony, naszymi rozwi\u0105zaniami systemowymi.<\/p>\n<!-- \/wp:paragraph --><!-- wp:paragraph -->\n<p>Oferujemy:<\/p>\n<!-- \/wp:paragraph --><!-- wp:list -->\n<ul>\n<li>efektywne przeniesienie zada\u0144 pracownik\u00f3w ochrony na systemy techniczne,<\/li>\n<li>redukcj\u0119 b\u0142\u0119du ludzkiego do minimum,<\/li>\n<li>wygodne i precyzyjne zarz\u0105dzanie chronionym obiektem,<\/li>\n<li>podniesienie poziomu bezpiecze\u0144stwa obiektu.<\/li>\n<\/ul>\n<!-- \/wp:list --><!-- wp:paragraph --><!-- \/wp:paragraph --><!-- wp:paragraph --><!-- \/wp:paragraph --><!-- wp:image {\"align\":\"full\",\"id\":149,\"sizeSlug\":\"large\",\"linkDestination\":\"none\"} -->\n<figure class=\"wp-block-image alignfull size-large\"><\/figure>\n<!-- \/wp:image -->\t\t\t\t\t\t<\/div>\n\t\t\t\t<\/div>\n\t\t\t\t\t<\/div>\n\t\t<\/div>\n\t\t\t\t\t\t\t<\/div>\n\t\t<\/section>\n\t\t\t\t\t\t\t<\/div>\n\t\t","protected":false},"excerpt":{"rendered":"<p>Oferujemy optymalizacj\u0119, a nawet redukcj\u0119 koszt\u00f3w ochrony fizycznej. Ochrona zdalna obiektu znacz\u0105co zmniejsza koszty utrzymania jego ochrony w por\u00f3wnaniu do standardowej ochrony fizycznej. Naszym celem jest skuteczne wdra\u017canie us\u0142ug ochrony hybrydowej, dzi\u0119ki kt\u00f3rej opr\u00f3cz poprawy bezpiecze\u0144stwa, pomagamy Klientowi osi\u0105gn\u0105\u0107 korzy\u015bci w postaci zast\u0105pienia prostych czynno\u015bci wykonywanych przez pracownik\u00f3w ochrony, naszymi rozwi\u0105zaniami systemowymi. Oferujemy: efektywne przeniesienie [&hellip;]<\/p>\n","protected":false},"author":1,"featured_media":0,"parent":0,"menu_order":0,"comment_status":"closed","ping_status":"closed","template":"","meta":{"footnotes":""},"class_list":["post-50","page","type-page","status-publish","hentry"],"_links":{"self":[{"href":"https:\/\/gepardsecurity.com.pl\/index.php\/wp-json\/wp\/v2\/pages\/50","targetHints":{"allow":["GET"]}}],"collection":[{"href":"https:\/\/gepardsecurity.com.pl\/index.php\/wp-json\/wp\/v2\/pages"}],"about":[{"href":"https:\/\/gepardsecurity.com.pl\/index.php\/wp-json\/wp\/v2\/types\/page"}],"author":[{"embeddable":true,"href":"https:\/\/gepardsecurity.com.pl\/index.php\/wp-json\/wp\/v2\/users\/1"}],"replies":[{"embeddable":true,"href":"https:\/\/gepardsecurity.com.pl\/index.php\/wp-json\/wp\/v2\/comments?post=50"}],"version-history":[{"count":22,"href":"https:\/\/gepardsecurity.com.pl\/index.php\/wp-json\/wp\/v2\/pages\/50\/revisions"}],"predecessor-version":[{"id":951,"href":"https:\/\/gepardsecurity.com.pl\/index.php\/wp-json\/wp\/v2\/pages\/50\/revisions\/951"}],"wp:attachment":[{"href":"https:\/\/gepardsecurity.com.pl\/index.php\/wp-json\/wp\/v2\/media?parent=50"}],"curies":[{"name":"wp","href":"https:\/\/api.w.org\/{rel}","templated":true}]}}